{"id":703,"date":"2020-05-14T15:22:29","date_gmt":"2020-05-14T12:22:29","guid":{"rendered":"http:\/\/fotograf-bodensee.ch\/?page_id=703"},"modified":"2022-07-07T17:47:15","modified_gmt":"2022-07-07T14:47:15","slug":"leistungen-preise","status":"publish","type":"page","link":"https:\/\/fotograf-bodensee.ch\/en\/leistungen-preise\/","title":{"rendered":"SERVICES\/PRICES"},"content":{"rendered":"<div data-elementor-type=\"wp-page\" data-elementor-id=\"703\" class=\"elementor elementor-703\" data-elementor-post-type=\"page\">\n\t\t\t\t\t\t<section class=\"elementor-section elementor-top-section elementor-element elementor-element-2349cce elementor-section-boxed elementor-section-height-default elementor-section-height-default\" data-id=\"2349cce\" data-element_type=\"section\" data-e-type=\"section\">\n\t\t\t\t\t\t<div class=\"elementor-container elementor-column-gap-default\">\n\t\t\t\t\t<div class=\"elementor-column elementor-col-100 elementor-top-column elementor-element elementor-element-31fd27c\" data-id=\"31fd27c\" data-element_type=\"column\" data-e-type=\"column\">\n\t\t\t<div class=\"elementor-widget-wrap elementor-element-populated\">\n\t\t\t\t\t\t<div class=\"elementor-element elementor-element-d656187 elementor-widget elementor-widget-heading\" data-id=\"d656187\" data-element_type=\"widget\" data-e-type=\"widget\" data-widget_type=\"heading.default\">\n\t\t\t\t<div class=\"elementor-widget-container\">\n\t\t\t\t\t<h1 class=\"elementor-heading-title elementor-size-default\">SERVICES\/PRICES<\/h1>\t\t\t\t<\/div>\n\t\t\t\t<\/div>\n\t\t\t\t\t<\/div>\n\t\t<\/div>\n\t\t\t\t\t<\/div>\n\t\t<\/section>\n\t\t\t\t<section class=\"elementor-section elementor-top-section elementor-element elementor-element-7aa6ac9 elementor-section-boxed elementor-section-height-default elementor-section-height-default\" data-id=\"7aa6ac9\" data-element_type=\"section\" data-e-type=\"section\">\n\t\t\t\t\t\t<div class=\"elementor-container elementor-column-gap-default\">\n\t\t\t\t\t<div class=\"elementor-column elementor-col-33 elementor-top-column elementor-element elementor-element-e52020d\" data-id=\"e52020d\" data-element_type=\"column\" data-e-type=\"column\">\n\t\t\t<div class=\"elementor-widget-wrap elementor-element-populated\">\n\t\t\t\t\t\t<div class=\"elementor-element elementor-element-3783176 elementor-widget elementor-widget-heading\" data-id=\"3783176\" data-element_type=\"widget\" data-e-type=\"widget\" data-widget_type=\"heading.default\">\n\t\t\t\t<div class=\"elementor-widget-container\">\n\t\t\t\t\t<h2 class=\"elementor-heading-title elementor-size-default\">Classic<\/h2>\t\t\t\t<\/div>\n\t\t\t\t<\/div>\n\t\t\t\t<div class=\"elementor-element elementor-element-d707084 elementor-widget elementor-widget-text-editor\" data-id=\"d707084\" data-element_type=\"widget\" data-e-type=\"widget\" data-widget_type=\"text-editor.default\">\n\t\t\t\t<div class=\"elementor-widget-container\">\n\t\t\t\t\t\t\t\t\t<p><strong>Duration:<\/strong> 1 hour<\/p>\n<p><strong>Location:<\/strong> one of your choice<\/p>\n<p><strong>Photos:<\/strong> 15 photos in color and black &amp; white, JPGs in full resolution, including professional image editing<\/p>\n<p><b>Selection:<\/b> via web gallery<\/p>\n<p>Excl. travel expenses (1,- CHF\/km)<\/p>\n<p>Extension possible by arrangement<\/p>\t\t\t\t\t\t\t\t<\/div>\n\t\t\t\t<\/div>\n\t\t\t\t\t<\/div>\n\t\t<\/div>\n\t\t\t\t<div class=\"elementor-column elementor-col-33 elementor-top-column elementor-element elementor-element-afbf296\" data-id=\"afbf296\" data-element_type=\"column\" data-e-type=\"column\">\n\t\t\t<div class=\"elementor-widget-wrap elementor-element-populated\">\n\t\t\t\t\t\t<div class=\"elementor-element elementor-element-24f7d26 elementor-widget elementor-widget-heading\" data-id=\"24f7d26\" data-element_type=\"widget\" data-e-type=\"widget\" data-widget_type=\"heading.default\">\n\t\t\t\t<div class=\"elementor-widget-container\">\n\t\t\t\t\t<h2 class=\"elementor-heading-title elementor-size-default\">Plus<\/h2>\t\t\t\t<\/div>\n\t\t\t\t<\/div>\n\t\t\t\t<div class=\"elementor-element elementor-element-db68e83 elementor-widget elementor-widget-text-editor\" data-id=\"db68e83\" data-element_type=\"widget\" data-e-type=\"widget\" data-widget_type=\"text-editor.default\">\n\t\t\t\t<div class=\"elementor-widget-container\">\n\t\t\t\t\t\t\t\t\t<p><strong>Duration:<\/strong> 2 hours<\/p><p><strong>Location:<\/strong> two of your choice<\/p><p><strong>Photos:<\/strong> 25 photos in color and black &amp; white, JPGs in full resolution, including professional image editing<\/p><p><b>Selection:<\/b> via web gallery<\/p><p>Excl. travel expenses (1,- CHF\/km)<\/p><p>Extension possible by arrangement<\/p>\t\t\t\t\t\t\t\t<\/div>\n\t\t\t\t<\/div>\n\t\t\t\t\t<\/div>\n\t\t<\/div>\n\t\t\t\t<div class=\"elementor-column elementor-col-33 elementor-top-column elementor-element elementor-element-080a5d8\" data-id=\"080a5d8\" data-element_type=\"column\" data-e-type=\"column\">\n\t\t\t<div class=\"elementor-widget-wrap elementor-element-populated\">\n\t\t\t\t\t\t<div class=\"elementor-element elementor-element-9695d4a elementor-widget elementor-widget-heading\" data-id=\"9695d4a\" data-element_type=\"widget\" data-e-type=\"widget\" data-widget_type=\"heading.default\">\n\t\t\t\t<div class=\"elementor-widget-container\">\n\t\t\t\t\t<h2 class=\"elementor-heading-title elementor-size-default\">Premium<\/h2>\t\t\t\t<\/div>\n\t\t\t\t<\/div>\n\t\t\t\t<div class=\"elementor-element elementor-element-4c06e12 elementor-widget elementor-widget-text-editor\" data-id=\"4c06e12\" data-element_type=\"widget\" data-e-type=\"widget\" data-widget_type=\"text-editor.default\">\n\t\t\t\t<div class=\"elementor-widget-container\">\n\t\t\t\t\t\t\t\t\t<p><strong>Duration:<\/strong> 3 hours<\/p>\n<p><strong>Location:<\/strong> three of your choice<\/p>\n<p><strong>Photos:<\/strong> 50 photos in color and black &amp; white, JPGs in full resolution, including professional image editing<\/p>\n<p><b>Selection:<\/b> via web gallery<\/p>\n<p>Incl. travel expenses up to 50km<\/p>\n<p>Extension possible by arrangement<\/p>\t\t\t\t\t\t\t\t<\/div>\n\t\t\t\t<\/div>\n\t\t\t\t\t<\/div>\n\t\t<\/div>\n\t\t\t\t\t<\/div>\n\t\t<\/section>\n\t\t\t\t<\/div>","protected":false},"excerpt":{"rendered":"<p>LEISTUNGEN\/PREISE Classic Dauer: 1 Stunde Location: eine nach Wahl Fotos: 15 Fotos in Farbe und Schwarz-Weiss, JPGs in voller Aufl\u00f6sung, inkl. professioneller Bildbearbeitung Auswahl: per Web-Galerie Exkl. Fahrtspesen (1,-CHF\/km) Verl\u00e4ngerung nach Absprache m\u00f6glich Plus Dauer: 2 Stunden Location: zwei nach Wahl Fotos: 25 Fotos in Farbe und Schwarz-Weiss, JPGs in voller Aufl\u00f6sung, inkl. professioneller Bildbearbeitung [&hellip;]<\/p>\n","protected":false},"author":1,"featured_media":0,"parent":0,"menu_order":0,"comment_status":"closed","ping_status":"closed","template":"","meta":{"footnotes":""},"class_list":["post-703","page","type-page","status-publish","hentry"],"_links":{"self":[{"href":"https:\/\/fotograf-bodensee.ch\/en\/wp-json\/wp\/v2\/pages\/703","targetHints":{"allow":["GET"]}}],"collection":[{"href":"https:\/\/fotograf-bodensee.ch\/en\/wp-json\/wp\/v2\/pages"}],"about":[{"href":"https:\/\/fotograf-bodensee.ch\/en\/wp-json\/wp\/v2\/types\/page"}],"author":[{"embeddable":true,"href":"https:\/\/fotograf-bodensee.ch\/en\/wp-json\/wp\/v2\/users\/1"}],"replies":[{"embeddable":true,"href":"https:\/\/fotograf-bodensee.ch\/en\/wp-json\/wp\/v2\/comments?post=703"}],"version-history":[{"count":17,"href":"https:\/\/fotograf-bodensee.ch\/en\/wp-json\/wp\/v2\/pages\/703\/revisions"}],"predecessor-version":[{"id":1416,"href":"https:\/\/fotograf-bodensee.ch\/en\/wp-json\/wp\/v2\/pages\/703\/revisions\/1416"}],"wp:attachment":[{"href":"https:\/\/fotograf-bodensee.ch\/en\/wp-json\/wp\/v2\/media?parent=703"}],"curies":[{"name":"wp","href":"https:\/\/api.w.org\/{rel}","templated":true}]}}